{"id":75,"date":"2016-02-11T19:08:01","date_gmt":"2016-02-11T19:08:01","guid":{"rendered":"http:\/\/escolahenriquemedina.org\/cqep\/?page_id=75"},"modified":"2016-02-11T19:08:01","modified_gmt":"2016-02-11T19:08:01","slug":"adultos","status":"publish","type":"page","link":"https:\/\/escolahenriquemedina.org\/cqep\/adultos\/","title":{"rendered":"Adultos"},"content":{"rendered":"<p>Adultos com idade igual ou superior a 18 anos, com necessidades de aquisi\u00e7\u00e3o e refor\u00e7o de conhecimentos e compet\u00eancias.<\/p>\n","protected":false},"excerpt":{"rendered":"<div class=\"slide-text-bg2\"><span>Adultos com idade igual ou superior a 18 anos, com necessidades de aquisi\u00e7\u00e3o e refor\u00e7o de conhecimentos e compet\u00eancias.<\/span><\/div>\n","protected":false},"author":1,"featured_media":0,"parent":0,"menu_order":0,"comment_status":"closed","ping_status":"closed","template":"","meta":{"footnotes":""},"class_list":["post-75","page","type-page","status-publish","hentry"],"_links":{"self":[{"href":"https:\/\/escolahenriquemedina.org\/cqep\/wp-json\/wp\/v2\/pages\/75","targetHints":{"allow":["GET"]}}],"collection":[{"href":"https:\/\/escolahenriquemedina.org\/cqep\/wp-json\/wp\/v2\/pages"}],"about":[{"href":"https:\/\/escolahenriquemedina.org\/cqep\/wp-json\/wp\/v2\/types\/page"}],"author":[{"embeddable":true,"href":"https:\/\/escolahenriquemedina.org\/cqep\/wp-json\/wp\/v2\/users\/1"}],"replies":[{"embeddable":true,"href":"https:\/\/escolahenriquemedina.org\/cqep\/wp-json\/wp\/v2\/comments?post=75"}],"version-history":[{"count":1,"href":"https:\/\/escolahenriquemedina.org\/cqep\/wp-json\/wp\/v2\/pages\/75\/revisions"}],"predecessor-version":[{"id":76,"href":"https:\/\/escolahenriquemedina.org\/cqep\/wp-json\/wp\/v2\/pages\/75\/revisions\/76"}],"wp:attachment":[{"href":"https:\/\/escolahenriquemedina.org\/cqep\/wp-json\/wp\/v2\/media?parent=75"}],"curies":[{"name":"wp","href":"https:\/\/api.w.org\/{rel}","templated":true}]}}