{"id":50,"date":"2016-02-11T18:54:51","date_gmt":"2016-02-11T18:54:51","guid":{"rendered":"http:\/\/escolahenriquemedina.org\/cqep\/?page_id=50"},"modified":"2016-05-10T22:55:19","modified_gmt":"2016-05-10T22:55:19","slug":"inscricoes","status":"publish","type":"page","link":"https:\/\/escolahenriquemedina.org\/cqep\/inscricoes\/","title":{"rendered":"Inscri\u00e7\u00f5es dos formandos"},"content":{"rendered":"<div role=\"form\" class=\"wpcf7\" id=\"wpcf7-f189-o1\" lang=\"pt-PT\" dir=\"ltr\">\n<div class=\"screen-reader-response\"><\/div>\n<form action=\"\/cqep\/wp-json\/wp\/v2\/pages\/50#wpcf7-f189-o1\" method=\"post\" class=\"wpcf7-form\" novalidate=\"novalidate\">\n<div style=\"display: none;\">\n<input type=\"hidden\" name=\"_wpcf7\" value=\"189\" \/>\n<input type=\"hidden\" name=\"_wpcf7_version\" value=\"5.0.3\" \/>\n<input type=\"hidden\" name=\"_wpcf7_locale\" value=\"pt_PT\" \/>\n<input type=\"hidden\" name=\"_wpcf7_unit_tag\" value=\"wpcf7-f189-o1\" \/>\n<input type=\"hidden\" name=\"_wpcf7_container_post\" value=\"0\" \/>\n<\/div>\n<h4 style=\"margin-top:50px;\">1. DADOS PESSOAIS<\/h4>\n<p>O seu Nome:* <br \/>\n    <span class=\"wpcf7-form-control-wrap your-name\"><input type=\"text\" name=\"your-name\" value=\"\" size=\"40\" class=\"wpcf7-form-control wpcf7-text wpcf7-validates-as-required\" aria-required=\"true\" aria-invalid=\"false\" \/><\/span> <\/p>\n<p>Data de Nascimento:* <br \/>\n    <span class=\"wpcf7-form-control-wrap date-38\"><input type=\"date\" name=\"date-38\" value=\"aaaa-mm-dd\" class=\"wpcf7-form-control wpcf7-date wpcf7-validates-as-required wpcf7-validates-as-date\" aria-required=\"true\" aria-invalid=\"false\" \/><\/span> <\/p>\n<p>Telefone\/Telem\u00f3vel: <br \/>\n    <span class=\"wpcf7-form-control-wrap tel-531\"><input type=\"tel\" name=\"tel-531\" value=\"\" size=\"40\" class=\"wpcf7-form-control wpcf7-text wpcf7-tel wpcf7-validates-as-tel\" aria-invalid=\"false\" \/><\/span> <\/p>\n<p>Morada:* <br \/>\n<span class=\"wpcf7-form-control-wrap Morada\"><input type=\"text\" name=\"Morada:\" value=\"\" size=\"40\" class=\"wpcf7-form-control wpcf7-text wpcf7-validates-as-required\" aria-required=\"true\" aria-invalid=\"false\" \/><\/span><\/p>\n<p>C\u00f3digo postal:* <br \/>\n<span class=\"wpcf7-form-control-wrap text-3\"><input type=\"text\" name=\"text-3\" value=\"9999-999\" size=\"40\" class=\"wpcf7-form-control wpcf7-text wpcf7-validates-as-required\" aria-required=\"true\" aria-invalid=\"false\" \/><\/span><\/p>\n<p>Localidade:* <br \/>\n    <span class=\"wpcf7-form-control-wrap text-623\"><input type=\"text\" name=\"text-623\" value=\"\" size=\"40\" class=\"wpcf7-form-control wpcf7-text wpcf7-validates-as-required\" aria-required=\"true\" aria-invalid=\"false\" \/><\/span> <\/p>\n<p>Concelho:* <br \/>\n    <span class=\"wpcf7-form-control-wrap concelho\"><input type=\"text\" name=\"concelho\" value=\"\" size=\"40\" class=\"wpcf7-form-control wpcf7-text wpcf7-validates-as-required\" aria-required=\"true\" aria-invalid=\"false\" \/><\/span> <\/p>\n<p>Nacionalidade:* <br \/>\n    <span class=\"wpcf7-form-control-wrap text-554\"><input type=\"text\" name=\"text-554\" value=\"\" size=\"40\" class=\"wpcf7-form-control wpcf7-text wpcf7-validates-as-required\" aria-required=\"true\" aria-invalid=\"false\" placeholder=\"Portuguesa\" \/><\/span> <\/p>\n<p>B.I.\/Cart\u00e3o Cidad\u00e3o:* <br \/>\n    <span class=\"wpcf7-form-control-wrap text-554\"><input type=\"text\" name=\"text-554\" value=\"\" size=\"40\" class=\"wpcf7-form-control wpcf7-text wpcf7-validates-as-required\" aria-required=\"true\" aria-invalid=\"false\" \/><\/span> <\/p>\n<p>N\u00ba Contribuinte:* <br \/>\n    <span class=\"wpcf7-form-control-wrap number-620\"><input type=\"number\" name=\"number-620\" value=\"\" class=\"wpcf7-form-control wpcf7-number wpcf7-validates-as-required wpcf7-validates-as-number\" aria-required=\"true\" aria-invalid=\"false\" \/><\/span> <\/p>\n<p>O seu email:* <br \/>\n    <span class=\"wpcf7-form-control-wrap your-email\"><input type=\"email\" name=\"your-email\" value=\"\" size=\"40\" class=\"wpcf7-form-control wpcf7-text wpcf7-email wpcf7-validates-as-required wpcf7-validates-as-email\" aria-required=\"true\" aria-invalid=\"false\" \/><\/span> <\/p>\n<h4 style=\"margin-top:50px;\">2. SITUA\u00c7\u00c3O ESCOLAR \/ HABILITA\u00c7\u00d5ES LITER\u00c1RIAS<\/h4>\n<p>    <span class=\"wpcf7-form-control-wrap radio-997\"><span class=\"wpcf7-form-control wpcf7-radio\"><span class=\"wpcf7-list-item first\"><label><input type=\"radio\" name=\"radio-997\" value=\"4\u00ba Ano de escolaridade\" checked=\"checked\" \/><span class=\"wpcf7-list-item-label\">4\u00ba Ano de escolaridade<\/span><\/label><\/span><span class=\"wpcf7-list-item\"><label><input type=\"radio\" name=\"radio-997\" value=\"6\u00ba Ano de escolaridade\" \/><span class=\"wpcf7-list-item-label\">6\u00ba Ano de escolaridade<\/span><\/label><\/span><span class=\"wpcf7-list-item\"><label><input type=\"radio\" name=\"radio-997\" value=\"9\u00ba Ano de escolaridade\" \/><span class=\"wpcf7-list-item-label\">9\u00ba Ano de escolaridade<\/span><\/label><\/span><span class=\"wpcf7-list-item\"><label><input type=\"radio\" name=\"radio-997\" value=\"10\u00ba Ano de escolaridade\" \/><span class=\"wpcf7-list-item-label\">10\u00ba Ano de escolaridade<\/span><\/label><\/span><span class=\"wpcf7-list-item\"><label><input type=\"radio\" name=\"radio-997\" value=\"11\u00ba Ano de escolaridade\" \/><span class=\"wpcf7-list-item-label\">11\u00ba Ano de escolaridade<\/span><\/label><\/span><span class=\"wpcf7-list-item\"><label><input type=\"radio\" name=\"radio-997\" value=\"12\u00ba Ano de escolaridade incompleto\" \/><span class=\"wpcf7-list-item-label\">12\u00ba Ano de escolaridade incompleto<\/span><\/label><\/span><span class=\"wpcf7-list-item\"><label><input type=\"radio\" name=\"radio-997\" value=\"12\u00ba Ano de escolaridade\" \/><span class=\"wpcf7-list-item-label\">12\u00ba Ano de escolaridade<\/span><\/label><\/span><span class=\"wpcf7-list-item last\"><label><input type=\"radio\" name=\"radio-997\" value=\"Outra situa\u00e7\u00e3o\" \/><span class=\"wpcf7-list-item-label\">Outra situa\u00e7\u00e3o<\/span><\/label><\/span><\/span><\/span> <span class=\"wpcf7-form-control-wrap text-708\"><input type=\"text\" name=\"text-708\" value=\"\" size=\"40\" class=\"wpcf7-form-control wpcf7-text\" aria-invalid=\"false\" \/><\/span><\/p>\n<p>Tipo de qualifica\u00e7\u00e3o\/Resposta Pretendida: <\/p>\n<p>    <span class=\"wpcf7-form-control-wrap radio-997\"><span class=\"wpcf7-form-control wpcf7-radio\"><span class=\"wpcf7-list-item first\"><label><input type=\"radio\" name=\"radio-997\" value=\"Certifica\u00e7\u00e3o Escolar N\u00edvel B\u00e1sico\" checked=\"checked\" \/><span class=\"wpcf7-list-item-label\">Certifica\u00e7\u00e3o Escolar N\u00edvel B\u00e1sico<\/span><\/label><\/span><span class=\"wpcf7-list-item\"><label><input type=\"radio\" name=\"radio-997\" value=\"Certifica\u00e7\u00e3o Escolar N\u00edvel Secund\u00e1rio\" \/><span class=\"wpcf7-list-item-label\">Certifica\u00e7\u00e3o Escolar N\u00edvel Secund\u00e1rio<\/span><\/label><\/span><span class=\"wpcf7-list-item\"><label><input type=\"radio\" name=\"radio-997\" value=\"Certifica\u00e7\u00e3o Profissional N\u00edvel B\u00e1sico\" \/><span class=\"wpcf7-list-item-label\">Certifica\u00e7\u00e3o Profissional N\u00edvel B\u00e1sico<\/span><\/label><\/span><span class=\"wpcf7-list-item\"><label><input type=\"radio\" name=\"radio-997\" value=\"Certifica\u00e7\u00e3o Profissional N\u00edvel Secund\u00e1rio\" \/><span class=\"wpcf7-list-item-label\">Certifica\u00e7\u00e3o Profissional N\u00edvel Secund\u00e1rio<\/span><\/label><\/span><span class=\"wpcf7-list-item\"><label><input type=\"radio\" name=\"radio-997\" value=\"Outro N\u00edvel B\u00e1sico\" \/><span class=\"wpcf7-list-item-label\">Outro N\u00edvel B\u00e1sico<\/span><\/label><\/span><span class=\"wpcf7-list-item last\"><label><input type=\"radio\" name=\"radio-997\" value=\"Outro N\u00edvel Secund\u00e1rio\" \/><span class=\"wpcf7-list-item-label\">Outro N\u00edvel Secund\u00e1rio<\/span><\/label><\/span><\/span><\/span><\/p>\n<p><input type=\"submit\" value=\"Enviar\" class=\"wpcf7-form-control wpcf7-submit\" \/><\/p>\n<div class=\"wpcf7-response-output wpcf7-display-none\"><\/div><\/form><\/div>\n<p>Obrigado pela sua inscri\u00e7\u00e3o.<br \/>\nBrevemente ser\u00e1 contactado.<\/p>\n","protected":false},"excerpt":{"rendered":"<div class=\"slide-text-bg2\"><span>Obrigado pela sua inscri\u00e7\u00e3o. Brevemente ser\u00e1 contactado.<\/span><\/div>\n","protected":false},"author":1,"featured_media":114,"parent":0,"menu_order":0,"comment_status":"closed","ping_status":"closed","template":"","meta":{"footnotes":""},"class_list":["post-50","page","type-page","status-publish","has-post-thumbnail","hentry"],"_links":{"self":[{"href":"https:\/\/escolahenriquemedina.org\/cqep\/wp-json\/wp\/v2\/pages\/50","targetHints":{"allow":["GET"]}}],"collection":[{"href":"https:\/\/escolahenriquemedina.org\/cqep\/wp-json\/wp\/v2\/pages"}],"about":[{"href":"https:\/\/escolahenriquemedina.org\/cqep\/wp-json\/wp\/v2\/types\/page"}],"author":[{"embeddable":true,"href":"https:\/\/escolahenriquemedina.org\/cqep\/wp-json\/wp\/v2\/users\/1"}],"replies":[{"embeddable":true,"href":"https:\/\/escolahenriquemedina.org\/cqep\/wp-json\/wp\/v2\/comments?post=50"}],"version-history":[{"count":8,"href":"https:\/\/escolahenriquemedina.org\/cqep\/wp-json\/wp\/v2\/pages\/50\/revisions"}],"predecessor-version":[{"id":212,"href":"https:\/\/escolahenriquemedina.org\/cqep\/wp-json\/wp\/v2\/pages\/50\/revisions\/212"}],"wp:featuredmedia":[{"embeddable":true,"href":"https:\/\/escolahenriquemedina.org\/cqep\/wp-json\/wp\/v2\/media\/114"}],"wp:attachment":[{"href":"https:\/\/escolahenriquemedina.org\/cqep\/wp-json\/wp\/v2\/media?parent=50"}],"curies":[{"name":"wp","href":"https:\/\/api.w.org\/{rel}","templated":true}]}}